{"id":157,"date":"2024-06-17T08:53:26","date_gmt":"2024-06-17T06:53:26","guid":{"rendered":"https:\/\/dialogerbud.dev001.engine.com.pl\/formularz\/"},"modified":"2024-11-08T12:59:42","modified_gmt":"2024-11-08T11:59:42","slug":"formularz","status":"publish","type":"page","link":"https:\/\/dialogerbud.dev001.engine.com.pl\/en\/","title":{"rendered":"Platforma do dialogu"},"content":{"rendered":"\n<div class=\"wp-block-columns are-vertically-aligned-center is-not-stacked-on-mobile animated fadeIn is-layout-flex wp-container-core-columns-is-layout-9d6595d7 wp-block-columns-is-layout-flex\" id=\"topNavi\">\n<div class=\"wp-block-column is-vertically-aligned-center is-layout-flow wp-block-column-is-layout-flow\">\n<figure class=\"wp-block-image size-large is-resized\"><img decoding=\"async\" src=\"https:\/\/dialogerbud.dev001.engine.com.pl\/wp-content\/uploads\/\/ERBUD_group-logo.svg\" alt=\"\" class=\"wp-image-25\" style=\"width:200px\"\/><\/figure>\n<\/div>\n\n\n\n<div class=\"wp-block-column is-vertically-aligned-center lswicher is-layout-flow wp-block-column-is-layout-flow\">\n<div class=\"wp-block-buttons is-content-justification-right is-layout-flex wp-container-core-buttons-is-layout-765c4724 wp-block-buttons-is-layout-flex\">\n<div class=\"wp-block-button\" id=\"gotoForm\"><a class=\"wp-block-button__link has-light-blue-background-color has-background wp-element-button\" style=\"border-radius:0px\">Formularz<\/a><\/div>\n<\/div>\n<\/div>\n<\/div>\n\n\n\n<header id=\"mainHeader\" class=\"wp-block-group\"><div class=\"wp-block-group__inner-container is-layout-constrained wp-block-group-is-layout-constrained\">\n<h1 class=\"wp-block-heading has-text-align-center animated fadeInUp\">W czym mo\u017cemy Ci pom\u00f3c?<\/h1>\n\n\n\n<h2 class=\"wp-block-heading has-text-align-center animated fadeInUp delay-200ms\">Platforma do dialogu Grupy ERBUD<\/h2>\n\n\n\n<div style=\"height:100px\" aria-hidden=\"true\" class=\"wp-block-spacer\"><\/div>\n<\/div><\/header>\n\n\n\n<h3 class=\"wp-block-heading has-text-align-center animated fadeInUp delay-200ms\" id=\"form-header\">Zg\u0142oszenie w kilku krokach<\/h3>\n\n\n\n<div id=\"sentinal\" class=\"wp-block-group\"><div class=\"wp-block-group__inner-container is-layout-constrained wp-block-group-is-layout-constrained\"><\/div><\/div>\n\n\n\n<div class=\"wp-block-columns animated fadeIn slower is-layout-flex wp-container-core-columns-is-layout-9d6595d7 wp-block-columns-is-layout-flex\" id=\"stage-wrapper\">\n<div class=\"wp-block-column is-layout-flow wp-block-column-is-layout-flow\">\n<div id=\"stage-subject\" class=\"wp-block-group stage-step\"><div class=\"wp-block-group__inner-container is-layout-constrained wp-block-group-is-layout-constrained\">\n<div class=\"wp-block-group is-content-justification-space-between is-nowrap is-layout-flex wp-container-core-group-is-layout-0dfbf163 wp-block-group-is-layout-flex\">\n<p class=\"stage-no\">1\/4<\/p>\n\n\n\n<figure class=\"wp-block-image size-large position-absolute\"><img loading=\"lazy\" decoding=\"async\" width=\"24\" height=\"24\" src=\"https:\/\/dialogerbud.dev001.engine.com.pl\/wp-content\/uploads\/\/checkmark-circle.svg\" alt=\"\" class=\"wp-image-27\"\/><\/figure>\n<\/div>\n\n\n\n<h6 class=\"wp-block-heading stage-title\">Temat zg\u0142oszenia<\/h6>\n<\/div><\/div>\n<\/div>\n\n\n\n<div class=\"wp-block-column is-layout-flow wp-block-column-is-layout-flow\">\n<div id=\"stage-message\" class=\"wp-block-group stage-step\"><div class=\"wp-block-group__inner-container is-layout-constrained wp-block-group-is-layout-constrained\">\n<div class=\"wp-block-group is-content-justification-space-between is-nowrap is-layout-flex wp-container-core-group-is-layout-0dfbf163 wp-block-group-is-layout-flex\">\n<p class=\"stage-no\">2\/4<\/p>\n\n\n\n<figure class=\"wp-block-image size-large position-absolute\"><img loading=\"lazy\" decoding=\"async\" width=\"24\" height=\"24\" src=\"https:\/\/dialogerbud.dev001.engine.com.pl\/wp-content\/uploads\/\/checkmark-circle.svg\" alt=\"\" class=\"wp-image-27\"\/><\/figure>\n<\/div>\n\n\n\n<h6 class=\"wp-block-heading stage-title\">Wiadomo\u015b\u0107<\/h6>\n<\/div><\/div>\n<\/div>\n\n\n\n<div class=\"wp-block-column is-layout-flow wp-block-column-is-layout-flow\">\n<div id=\"stage-personal\" class=\"wp-block-group stage-step\"><div class=\"wp-block-group__inner-container is-layout-constrained wp-block-group-is-layout-constrained\">\n<div class=\"wp-block-group is-content-justification-space-between is-nowrap is-layout-flex wp-container-core-group-is-layout-0dfbf163 wp-block-group-is-layout-flex\">\n<p class=\"stage-no\">3\/4<\/p>\n\n\n\n<figure class=\"wp-block-image size-large position-absolute\"><img loading=\"lazy\" decoding=\"async\" width=\"24\" height=\"24\" src=\"https:\/\/dialogerbud.dev001.engine.com.pl\/wp-content\/uploads\/\/checkmark-circle.svg\" alt=\"\" class=\"wp-image-27\"\/><\/figure>\n<\/div>\n\n\n\n<h6 class=\"wp-block-heading stage-title\">Dane osobowe<\/h6>\n<\/div><\/div>\n<\/div>\n\n\n\n<div class=\"wp-block-column is-layout-flow wp-block-column-is-layout-flow\">\n<div id=\"stage-confirm\" class=\"wp-block-group stage-step\"><div class=\"wp-block-group__inner-container is-layout-constrained wp-block-group-is-layout-constrained\">\n<div class=\"wp-block-group is-content-justification-space-between is-nowrap is-layout-flex wp-container-core-group-is-layout-0dfbf163 wp-block-group-is-layout-flex\">\n<p class=\"stage-no\">4\/4<\/p>\n\n\n\n<figure class=\"wp-block-image size-large position-absolute\"><img loading=\"lazy\" decoding=\"async\" width=\"24\" height=\"24\" src=\"https:\/\/dialogerbud.dev001.engine.com.pl\/wp-content\/uploads\/\/checkmark-circle.svg\" alt=\"\" class=\"wp-image-27\"\/><\/figure>\n<\/div>\n\n\n\n<h6 class=\"wp-block-heading stage-title\">Potwierdzenie<\/h6>\n<\/div><\/div>\n<\/div>\n<\/div>\n\n\n\n<div class=\"wp-block-columns animated fadeIn has-gray-background-color has-background is-layout-flex wp-container-core-columns-is-layout-9d6595d7 wp-block-columns-is-layout-flex\" id=\"form-wrapper\">\n<div class=\"wp-block-column is-layout-flow wp-block-column-is-layout-flow\" style=\"flex-basis:55%\">\n<div class=\"wp-block-group has-gray-background-color has-background\"><div class=\"wp-block-group__inner-container is-layout-constrained wp-block-group-is-layout-constrained\">\n<h2 class=\"wp-block-heading animated fadeInUp title\">Je\u017celi chcia\u0142by\u015b zg\u0142osi\u0107 obawy, pytania lub w\u0105tpliwo\u015bci zwi\u0105zane z negatywnym wp\u0142ywem naszej organizacji na otoczenie skorzystaj z formularza poni\u017cej.<\/h2>\n\n\n\n<div style=\"height:16px\" aria-hidden=\"true\" class=\"wp-block-spacer\"><\/div>\n\n\n\n<p class=\"animated fadeIn subtitle\">Do zg\u0142aszania narusze\u0144 i skarg skorzystaj z dedykowanego kana\u0142u, <a href=\"#jak-zglosic\" data-type=\"internal\" data-id=\"#jak-zglosic\">wi\u0119cej informacji tutaj<\/a>.<\/p>\n\n\n\n<div class=\"wpcf7 no-js\" id=\"wpcf7-f162-o1\" lang=\"en-US\" dir=\"ltr\" data-wpcf7-id=\"162\">\n<div class=\"screen-reader-response\"><p role=\"status\" aria-live=\"polite\" aria-atomic=\"true\"><\/p> <ul><\/ul><\/div>\n<form action=\"\/en\/wp-json\/wp\/v2\/pages\/157#wpcf7-f162-o1\" method=\"post\" class=\"wpcf7-form init\" aria-label=\"Contact form\" novalidate=\"novalidate\" data-status=\"init\">\n<div style=\"display: none;\">\n<input type=\"hidden\" name=\"_wpcf7\" value=\"162\" \/>\n<input type=\"hidden\" name=\"_wpcf7_version\" value=\"6.0.6\" \/>\n<input type=\"hidden\" name=\"_wpcf7_locale\" value=\"en_US\" \/>\n<input type=\"hidden\" name=\"_wpcf7_unit_tag\" value=\"wpcf7-f162-o1\" \/>\n<input type=\"hidden\" name=\"_wpcf7_container_post\" value=\"0\" \/>\n<input type=\"hidden\" name=\"_wpcf7_posted_data_hash\" value=\"\" \/>\n<input type=\"hidden\" name=\"_wpcf7cf_hidden_group_fields\" value=\"[]\" \/>\n<input type=\"hidden\" name=\"_wpcf7cf_hidden_groups\" value=\"[]\" \/>\n<input type=\"hidden\" name=\"_wpcf7cf_visible_groups\" value=\"[]\" \/>\n<input type=\"hidden\" name=\"_wpcf7cf_repeaters\" value=\"[]\" \/>\n<input type=\"hidden\" name=\"_wpcf7cf_steps\" value=\"{}\" \/>\n<input type=\"hidden\" name=\"_wpcf7cf_options\" value=\"{&quot;form_id&quot;:162,&quot;conditions&quot;:[{&quot;then_field&quot;:&quot;group-735&quot;,&quot;and_rules&quot;:[{&quot;if_field&quot;:&quot;subject&quot;,&quot;operator&quot;:&quot;equals&quot;,&quot;if_value&quot;:&quot;Budowa Grupy ERBUD&quot;}]}],&quot;settings&quot;:{&quot;animation&quot;:&quot;yes&quot;,&quot;animation_intime&quot;:200,&quot;animation_outtime&quot;:200,&quot;conditions_ui&quot;:&quot;normal&quot;,&quot;notice_dismissed&quot;:false,&quot;notice_dismissed_rollback-cf7-5.9.5&quot;:true}}\" \/>\n<input type=\"hidden\" name=\"_wpcf7_recaptcha_response\" value=\"\" \/>\n<\/div>\n<div class=\"form-notice form-notice-success\">\n\t<p><span class=\"icon\"><svg width=\"51\" height=\"48\" viewBox=\"0 0 51 48\" fill=\"none\" xmlns=\"http:\/\/www.w3.org\/2000\/svg\">\n<path fill-rule=\"evenodd\" clip-rule=\"evenodd\" d=\"M25.6392 10.7499C18.1805 11.0145 11.9972 17.5636 11.9972 24.7265C11.9972 32.0447 18.447 38.7416 26.1074 38.7416C33.7678 38.7416 40.2176 32.0447 40.2176 24.7265C40.2176 20.5013 38.8261 17.3121 36.7815 15.3114C34.7678 13.341 31.9304 12.3271 28.5122 12.7235C27.153 12.8811 25.9112 12.0102 25.6392 10.7499ZM28.6558 7.68665C28.392 6.57304 27.3512 5.74164 26.1074 5.74164C15.3019 5.74164 6.77124 14.9012 6.77124 24.7265C6.77124 34.5458 15.2959 43.7416 26.1074 43.7416C36.9189 43.7416 45.4436 34.5458 45.4436 24.7265C45.4436 19.4668 43.6994 14.9288 40.5181 11.8158C37.4739 8.8371 33.2922 7.34664 28.6558 7.68665ZM36.11 16.2961C37.233 17.1632 37.4087 18.7372 36.5024 19.8117C32.7489 24.2617 30.6829 27.2134 27.5364 31.7088C27.1086 32.3201 26.6607 32.9599 26.1859 33.636C25.701 34.3264 24.8889 34.7409 24.0194 34.7416C23.1499 34.7424 22.337 34.3293 21.8508 33.6396C19.6615 30.5343 18.3083 28.8525 15.7221 25.8231C14.8631 24.8169 14.9528 23.3488 15.9286 22.4453C16.9043 21.5417 18.4408 21.5038 19.4639 22.3581C20.6713 23.3662 22.793 25.3811 24.5091 27.0503C27.0119 23.4912 29.096 20.6309 32.4355 16.6716C33.3418 15.5971 34.9869 15.429 36.11 16.2961Z\" fill=\"#0DCDA5\"\/><\/svg><br \/>\n<\/span>\n\t<\/p>\n\t<p>Twoje zg\u0142oszenie wys\u0142ano pomy\u015blnie!\n\t<\/p>\n<\/div>\n<div class=\"form-notice form-notice-warning\" style=\"flex-direction:column;align-items:flex-start;font-weight:400\">\n\t<p><span class=\"icon\"><svg width=\"49\" height=\"48\" viewBox=\"0 0 49 48\" fill=\"none\" xmlns=\"http:\/\/www.w3.org\/2000\/svg\">\n<path fill-rule=\"evenodd\" clip-rule=\"evenodd\" d=\"M30.2852 1.45301C26.4034 0.238179 21.5532 -0.714573 17.3992 0.748875C16.0804 1.21345 15.3563 2.60942 15.7051 3.93815C11.7889 6.03375 8.3872 9.16647 6.02723 12.9008C4.97293 14.5691 4.11336 16.3742 3.50211 18.284C-0.485127 30.7421 8.06867 42.4108 17.8174 46.5018L17.8712 46.5244L17.9261 46.5447C27.1112 49.9342 36.1526 47.2008 42.1027 40.7362C42.9351 39.8463 43.7007 38.8804 44.3889 37.8445C45.1537 36.7152 45.8374 35.5101 46.4314 34.2383L46.5032 34.0844L46.555 33.9227C46.6533 33.6155 46.7457 33.3066 46.8323 32.9961C46.9381 32.7055 47.0386 32.4115 47.1338 32.1143C49.7372 23.9799 47.6991 15.3232 42.5415 9.19461C40.2387 6.16323 37.181 3.70628 33.42 2.3184C32.3883 1.93767 31.3404 1.65113 30.2852 1.45301ZM38.1932 37.1084C33.7527 41.8441 26.8555 43.7057 20.2925 41.2838C11.0339 37.8671 4.60589 26.1352 10.5654 15.7031C14.597 9.3638 22.1919 5.51104 29.0066 6.64263C29.6543 6.85102 30.2948 7.07462 30.9221 7.30611C33.8802 8.39771 36.4083 10.224 38.3745 12.5268C42.1415 17.5636 43.4724 24.9404 41.7498 31.3634C41.2721 32.6312 40.6681 33.804 39.9595 34.8737C39.4164 35.6736 38.8255 36.4199 38.1932 37.1084ZM25.3876 12.3575C26.8603 12.3575 28.0542 13.5514 28.0542 15.0241V25.1293C28.0542 26.602 26.8603 27.7959 25.3876 27.7959C23.9148 27.7959 22.7209 26.602 22.7209 25.1293V15.0241C22.7209 13.5514 23.9148 12.3575 25.3876 12.3575ZM25.3876 30.3222C26.8603 30.3222 28.0542 31.5161 28.0542 32.9889V34.1117C28.0542 35.5844 26.8603 36.7783 25.3876 36.7783C23.9148 36.7783 22.7209 35.5844 22.7209 34.1117V32.9889C22.7209 31.5161 23.9148 30.3222 25.3876 30.3222Z\" fill=\"#FFDE1E\"\/><\/svg><br \/>\n<\/span>\n\t<\/p>\n\t<p style=\"font-weight:400\">W najbli\u017cszym czasie zapoznamy si\u0119 z Twoj\u0105 wiadomo\u015bci\u0105 i, je\u015bli poda\u0142e\u015b adres e-mail, wr\u00f3cimy do Ciebie z informacj\u0105 zwrotn\u0105 w ci\u0105gu dw\u00f3ch tygodni. W mi\u0119dzyczasie mo\u017cesz zobaczy\u0107 <a href=\"https:\/\/dialogerbud.dev001.engine.com.pl\/wp-content\/uploads\/2024\/06\/Instrukcja-zgloszenia.pdf\">jak wygl\u0105da \u015bcie\u017cka rozpatrywania Twojego zg\u0142oszenia<\/a>.\n\t<\/p>\n<\/div>\n<div>\n\t<p><label>Wybierz temat zg\u0142oszenia<\/label>\n\t<\/p>\n\t<p class=\"sub-label\">Required field\n\t<\/p>\n\t<p><div class=\"select-wrapper\" class=\"wpcf7-form-control wpcf7-buttons\" data-name=\"subject\"  size=\"0\" data-recipients=\"1\" ><div class=\"hide-select-wrapper-input\"><input required readonly type=\"text\" aria-invalid=\"false\" class=\"wpcf7-form-control wpcf7-text wpcf7-validates-as-required\" name=\"subject\" value=\"\"><\/div><span class=\"select-item\" data-val=\"Construction of the ERBUD Group\">Construction of the ERBUD Group<\/span><span class=\"select-item\" data-val=\"Environment\">Environment<\/span><span class=\"select-item\" data-val=\"OHS\">OHS<\/span><span class=\"select-item\" data-val=\"Equality\/Diversity\">Equality\/Diversity<\/span><span class=\"select-item\" data-val=\"Working conditions for ERBUD Group employees\">Working conditions for ERBUD Group employees<\/span><span class=\"select-item\" data-val=\"Working conditions of subcontractors\">Working conditions of subcontractors<\/span><span class=\"select-item\" data-val=\"Corruption\">Corruption<\/span><span class=\"select-item\" data-val=\"Data protection\">Data protection<\/span><span class=\"select-item\" data-val=\"Other issues\">Other issues<\/span><\/div>\n\t<\/p>\n\t<div data-id=\"group-735\" data-orig_data_id=\"group-735\" data-clear_on_hide class=\"\" data-class=\"wpcf7cf_group\">\n\t\t<p><label> Adres budowy<\/label>\n\t\t<\/p>\n\t\t<p class=\"sub-label\">Required field\n\t\t<\/p>\n\t\t<p><span class=\"wpcf7-form-control-wrap\" data-name=\"building-address\"><input size=\"40\" maxlength=\"400\" class=\"wpcf7-form-control wpcf7-text wpcf7-validates-as-required\" aria-required=\"true\" aria-invalid=\"false\" value=\"\" type=\"text\" name=\"building-address\" \/><\/span>\n\t\t<\/p>\n\t<\/div>\n\t<p><label> Wpisz wiadomo\u015b\u0107<\/label>\n\t<\/p>\n\t<p class=\"sub-label\">Required field. Opisz co dok\u0142adnie si\u0119 wydarzy\u0142o.\n\t<\/p>\n\t<p><span class=\"wpcf7-form-control-wrap\" data-name=\"message-content\"><textarea cols=\"40\" rows=\"10\" maxlength=\"2000\" class=\"wpcf7-form-control wpcf7-textarea wpcf7-validates-as-required\" aria-required=\"true\" aria-invalid=\"false\" name=\"message-content\"><\/textarea><\/span><br \/>\n<label>Kim jeste\u015b?<\/label>\n\t<\/p>\n\t<p class=\"sub-label\">Required field\n\t<\/p>\n\t<p><div class=\"select-wrapper\" class=\"wpcf7-form-control wpcf7-buttons wpcf7-validates-as-required\" data-name=\"reporter\"  size=\"0\"><div class=\"hide-select-wrapper-input\"><input required readonly type=\"text\" aria-invalid=\"false\" class=\"wpcf7-form-control wpcf7-text wpcf7-validates-as-required\" name=\"reporter\" value=\"\"><\/div><span class=\"select-item\" data-val=\"S\u0105siad\">S\u0105siad<\/span><span class=\"select-item\" data-val=\"Pracownik\">Pracownik<\/span><span class=\"select-item\" data-val=\"Pracownik podwykonawcy\">Pracownik podwykonawcy<\/span><span class=\"select-item\" data-val=\"Inwestor\">Inwestor<\/span><span class=\"select-item\" data-val=\"Osoba z zewn\u0105trz\">Osoba z zewn\u0105trz<\/span><\/div><br \/>\n<label>Adres email<\/label>\n\t<\/p>\n\t<p class=\"sub-label\">Required field\n\t<\/p>\n\t<p><span class=\"wpcf7-form-control-wrap\" data-name=\"person-email\"><input size=\"40\" maxlength=\"400\" class=\"wpcf7-form-control wpcf7-text wpcf7-validates-as-required\" autocomplete=\"email\" aria-required=\"true\" aria-invalid=\"false\" value=\"\" type=\"text\" name=\"person-email\" \/><\/span><br \/>\n<label>Imi\u0119 i nazwisko<\/label>\n\t<\/p>\n\t<p class=\"sub-label\">Required field\n\t<\/p>\n\t<p><span class=\"wpcf7-form-control-wrap\" data-name=\"person-name\"><input size=\"40\" maxlength=\"400\" class=\"wpcf7-form-control wpcf7-text wpcf7-validates-as-required\" aria-required=\"true\" aria-invalid=\"false\" value=\"\" type=\"text\" name=\"person-name\" \/><\/span>\n\t<\/p>\n\t<div class=\"form-checkbox\">\n\t\t<p><label>Zgody<\/label>\n\t\t<\/p>\n\t\t<p class=\"sub-label\">Required field\n\t\t<\/p>\n\t\t<p><span class=\"wpcf7-form-control-wrap\" data-name=\"acceptance-5\"><span class=\"wpcf7-form-control wpcf7-acceptance\"><span class=\"wpcf7-list-item\"><label><input type=\"checkbox\" name=\"acceptance-5\" value=\"1\" aria-invalid=\"false\" \/><span class=\"wpcf7-list-item-label\">Zapozna\u0142em si\u0119 z <a class=\"underline\" target=\"_blank\" href=\"https:\/\/dialogerbud.dev001.engine.com.pl\/polityka-prywatnosci\/\">Polityk\u0105 prywatno\u015bci<\/a><\/span><\/label><\/span><\/span><\/span>\n\t\t<\/p>\n\t\t<p class=\"sub-label\">Administratorem danych osobowych przetwarzanych w zwi\u0105zku z wys\u0142aniem wiadomo\u015bci przy pomocy formularza kontaktowego jest sp\u00f3\u0142ka ERBUD S.A. z siedzib\u0105 w Warszawie. Dane osobowe przetwarzane s\u0105 w celu prowadzenia kontaktu a podstaw\u0105 przetwarzania tych danych osobowych jest realizacja prawnie uzasadnionych interes\u00f3w sp\u00f3\u0142ki. Szczeg\u00f3\u0142owe informacje na temat przetwarzania danych osobowych przez ERBUD S.A., jak i przys\u0142uguj\u0105cych w zwi\u0105zku z tym praw, dost\u0119pne s\u0105 w Polityce prywatno\u015bci.\n\t\t<\/p>\n\t<\/div>\n\t<p><input class=\"wpcf7-form-control wpcf7-submit has-spinner\" type=\"submit\" value=\"Submit a request\" \/>\n\t<\/p>\n<\/div><div class=\"wpcf7-response-output\" aria-hidden=\"true\"><\/div>\n<\/form>\n<\/div>\n\n<\/div><\/div>\n<\/div>\n\n\n\n<div class=\"wp-block-column is-layout-flow wp-block-column-is-layout-flow\">\n<figure class=\"wp-block-image size-full\" id=\"triangleImage\"><img loading=\"lazy\" decoding=\"async\" width=\"803\" height=\"802\" src=\"https:\/\/dialogerbud.dev001.engine.com.pl\/wp-content\/uploads\/2024\/06\/Vector-5-1.png\" alt=\"\" class=\"wp-image-64\" srcset=\"https:\/\/dialogerbud.dev001.engine.com.pl\/wp-content\/uploads\/2024\/06\/Vector-5-1.png 803w, https:\/\/dialogerbud.dev001.engine.com.pl\/wp-content\/uploads\/2024\/06\/Vector-5-1-300x300.png 300w, https:\/\/dialogerbud.dev001.engine.com.pl\/wp-content\/uploads\/2024\/06\/Vector-5-1-150x150.png 150w, https:\/\/dialogerbud.dev001.engine.com.pl\/wp-content\/uploads\/2024\/06\/Vector-5-1-768x767.png 768w\" sizes=\"auto, (max-width: 803px) 100vw, 803px\" \/><\/figure>\n<\/div>\n<\/div>\n\n\n\n<div style=\"height:32px\" aria-hidden=\"true\" class=\"wp-block-spacer\"><\/div>\n\n\n\n<figure class=\"wp-block-image size-large animated fadeIn\"><img loading=\"lazy\" decoding=\"async\" width=\"48\" height=\"48\" src=\"https:\/\/dialogerbud.dev001.engine.com.pl\/wp-content\/uploads\/\/alert-circle.svg\" alt=\"\" class=\"wp-image-76\"\/><\/figure>\n\n\n\n<h3 class=\"wp-block-heading animated fadeInUp\">Je\u017celi chcesz zg\u0142osi\u0107 naruszenie lub skarg\u0119 skorzystaj z dedykowanego kana\u0142u.<\/h3>\n\n\n\n<p class=\"animated fadeIn\">Osobom, kt\u00f3re zg\u0142aszaj\u0105 informacje o nieprawid\u0142owo\u015bciach zapewniamy ochron\u0119 i anonimowo\u015b\u0107.<\/p>\n\n\n\n<div style=\"height:32px\" aria-hidden=\"true\" class=\"wp-block-spacer\"><\/div>\n\n\n\n<h3 class=\"wp-block-heading animated fadeInUp delay-200ms\" id=\"jak-zglosic\">Jak zg\u0142osi\u0107<\/h3>\n\n\n\n<div style=\"height:16px\" aria-hidden=\"true\" class=\"wp-block-spacer\"><\/div>\n\n\n\n<div class=\"wp-block-columns animated fadeIn slower delay-200ms is-layout-flex wp-container-core-columns-is-layout-9d6595d7 wp-block-columns-is-layout-flex\">\n<div class=\"wp-block-column rounded-corners is-layout-flow wp-block-column-is-layout-flow\">\n<div class=\"wp-block-group stage-step\"><div class=\"wp-block-group__inner-container is-layout-constrained wp-block-group-is-layout-constrained\">\n<h4 class=\"wp-block-heading has-light-blue-color has-text-color has-link-color wp-elements-c9bcfd15ccd5ee60fb46753933c2d161\">Wy\u015blij email<\/h4>\n\n\n\n<p class=\"has-navy-color has-text-color has-link-color wp-elements-4ff4efbcbf8199da3d3b8a162ce4f4df\"><a href=\"mailto:naruszenia@erbud.pl\">naruszenia@erbud.pl<\/a><\/p>\n<\/div><\/div>\n<\/div>\n\n\n\n<div class=\"wp-block-column rounded-corners is-layout-flow wp-block-column-is-layout-flow\">\n<div class=\"wp-block-group stage-step\"><div class=\"wp-block-group__inner-container is-layout-constrained wp-block-group-is-layout-constrained\">\n<h4 class=\"wp-block-heading has-light-blue-color has-text-color has-link-color wp-elements-9f8bba8887507d0850b4306bb5bf8328\">Wy\u015blij list<\/h4>\n\n\n\n<p>ERBUD S.A. ul. Klimczaka 1,<br>02-797 Warszawa<br>z dopiskiem na koprecie \u201cZg\u0142oszenie<br>naruszenia &#8211; do r\u0105k w\u0142asnych\u201d<\/p>\n<\/div><\/div>\n<\/div>\n\n\n\n<div class=\"wp-block-column rounded-corners is-layout-flow wp-block-column-is-layout-flow\">\n<div class=\"wp-block-group stage-step\"><div class=\"wp-block-group__inner-container is-layout-constrained wp-block-group-is-layout-constrained\">\n<h4 class=\"wp-block-heading has-light-blue-color has-text-color has-link-color wp-elements-8be3b5b90c293648a7e12d28543e9cfd\">Osobi\u015bcie<\/h4>\n\n\n\n<p>Mariusz Moczyd\u0142owski<br>Compliance Officer<br>ul. Klimczaka 1, 02-797 Warszawa<\/p>\n<\/div><\/div>\n<\/div>\n\n\n\n<div class=\"wp-block-column rounded-corners is-layout-flow wp-block-column-is-layout-flow\">\n<div class=\"wp-block-group stage-step\"><div class=\"wp-block-group__inner-container is-layout-constrained wp-block-group-is-layout-constrained\">\n<h4 class=\"wp-block-heading has-light-blue-color has-text-color has-link-color wp-elements-0cfd1c6461aefce169b681ecd8f1f514\">Telefonicznie<\/h4>\n\n\n\n<p class=\"has-navy-color has-text-color has-link-color wp-elements-5a250571ded39890639f5291c775a6b4\"><a href=\"tel:539092510\">539 092 510<\/a><\/p>\n<\/div><\/div>\n<\/div>\n<\/div>\n\n\n\n<div style=\"height:124px\" aria-hidden=\"true\" class=\"wp-block-spacer\"><\/div>\n\n\n\n<div class=\"wp-block-group bottomSwiperWrapper\"><div class=\"wp-block-group__inner-container is-layout-constrained wp-block-group-is-layout-constrained\">\n<div class=\"wp-block-group bottomSwiper\"><div class=\"wp-block-group__inner-container is-layout-constrained wp-block-group-is-layout-constrained\">\n<figure class=\"wp-block-gallery has-nested-images columns-default swiper-wrapper wp-block-gallery-1 is-layout-flex wp-block-gallery-is-layout-flex\">\n<figure class=\"wp-block-image size-large swiper-slide\"><img loading=\"lazy\" decoding=\"async\" width=\"250\" height=\"71\" data-id=\"73\" src=\"https:\/\/dialogerbud.dev001.engine.com.pl\/wp-content\/uploads\/2024\/06\/erbud-group-logo-250x70px-6.png\" alt=\"\" class=\"wp-image-73\"\/><\/figure>\n\n\n\n<figure class=\"wp-block-image size-large swiper-slide\"><img loading=\"lazy\" decoding=\"async\" width=\"250\" height=\"71\" data-id=\"74\" src=\"https:\/\/dialogerbud.dev001.engine.com.pl\/wp-content\/uploads\/2024\/06\/erbud-group-logo-250x70px-7.png\" alt=\"\" class=\"wp-image-74\"\/><\/figure>\n\n\n\n<figure class=\"wp-block-image size-large swiper-slide\"><img loading=\"lazy\" decoding=\"async\" width=\"250\" height=\"71\" data-id=\"71\" src=\"https:\/\/dialogerbud.dev001.engine.com.pl\/wp-content\/uploads\/2024\/06\/erbud-group-logo-250x70px-4.png\" alt=\"\" class=\"wp-image-71\"\/><\/figure>\n\n\n\n<figure class=\"wp-block-image size-large swiper-slide\"><img loading=\"lazy\" decoding=\"async\" width=\"250\" height=\"71\" data-id=\"72\" src=\"https:\/\/dialogerbud.dev001.engine.com.pl\/wp-content\/uploads\/2024\/06\/erbud-group-logo-250x70px-5.png\" alt=\"\" class=\"wp-image-72\"\/><\/figure>\n\n\n\n<figure class=\"wp-block-image size-large swiper-slide\"><img loading=\"lazy\" decoding=\"async\" width=\"250\" height=\"71\" data-id=\"69\" src=\"https:\/\/dialogerbud.dev001.engine.com.pl\/wp-content\/uploads\/2024\/06\/erbud-group-logo-250x70px-2.png\" alt=\"\" class=\"wp-image-69\"\/><\/figure>\n\n\n\n<figure class=\"wp-block-image size-large swiper-slide\"><img loading=\"lazy\" decoding=\"async\" width=\"250\" height=\"71\" data-id=\"70\" src=\"https:\/\/dialogerbud.dev001.engine.com.pl\/wp-content\/uploads\/2024\/06\/erbud-group-logo-250x70px-3.png\" alt=\"\" class=\"wp-image-70\"\/><\/figure>\n\n\n\n<figure class=\"wp-block-image size-large swiper-slide\"><img loading=\"lazy\" decoding=\"async\" width=\"250\" height=\"71\" data-id=\"68\" src=\"https:\/\/dialogerbud.dev001.engine.com.pl\/wp-content\/uploads\/2024\/06\/erbud-group-logo-250x70px-1.png\" alt=\"\" class=\"wp-image-68\"\/><\/figure>\n<\/figure>\n<\/div><\/div>\n<\/div><\/div>\n\n\n\n<p><\/p>\n","protected":false},"excerpt":{"rendered":"<p>W czym mo\u017cemy Ci pom\u00f3c? Platforma do dialogu Grupy ERBUD Zg\u0142oszenie w kilku krokach 1\/4 Temat zg\u0142oszenia 2\/4 Wiadomo\u015b\u0107 3\/4 Dane osobowe 4\/4 Potwierdzenie Je\u017celi chcia\u0142by\u015b zg\u0142osi\u0107 obawy, pytania lub w\u0105tpliwo\u015bci zwi\u0105zane z negatywnym wp\u0142ywem naszej organizacji na otoczenie skorzystaj z formularza poni\u017cej. Do zg\u0142aszania narusze\u0144 i skarg skorzystaj z dedykowanego kana\u0142u, wi\u0119cej informacji tutaj. [&hellip;]<\/p>\n","protected":false},"author":2,"featured_media":0,"parent":0,"menu_order":0,"comment_status":"closed","ping_status":"closed","template":"","meta":{"_acf_changed":false,"inline_featured_image":false,"footnotes":""},"class_list":["post-157","page","type-page","status-publish","hentry"],"acf":[],"_links":{"self":[{"href":"https:\/\/dialogerbud.dev001.engine.com.pl\/en\/wp-json\/wp\/v2\/pages\/157","targetHints":{"allow":["GET"]}}],"collection":[{"href":"https:\/\/dialogerbud.dev001.engine.com.pl\/en\/wp-json\/wp\/v2\/pages"}],"about":[{"href":"https:\/\/dialogerbud.dev001.engine.com.pl\/en\/wp-json\/wp\/v2\/types\/page"}],"author":[{"embeddable":true,"href":"https:\/\/dialogerbud.dev001.engine.com.pl\/en\/wp-json\/wp\/v2\/users\/2"}],"replies":[{"embeddable":true,"href":"https:\/\/dialogerbud.dev001.engine.com.pl\/en\/wp-json\/wp\/v2\/comments?post=157"}],"version-history":[{"count":2,"href":"https:\/\/dialogerbud.dev001.engine.com.pl\/en\/wp-json\/wp\/v2\/pages\/157\/revisions"}],"predecessor-version":[{"id":165,"href":"https:\/\/dialogerbud.dev001.engine.com.pl\/en\/wp-json\/wp\/v2\/pages\/157\/revisions\/165"}],"wp:attachment":[{"href":"https:\/\/dialogerbud.dev001.engine.com.pl\/en\/wp-json\/wp\/v2\/media?parent=157"}],"curies":[{"name":"wp","href":"https:\/\/api.w.org\/{rel}","templated":true}]}}